{"id":29,"date":"2024-02-21T09:39:51","date_gmt":"2024-02-21T09:39:51","guid":{"rendered":"http:\/\/localhost\/logista\/?page_id=29"},"modified":"2026-03-16T14:27:19","modified_gmt":"2026-03-16T11:27:19","slug":"iletisim","status":"publish","type":"page","link":"https:\/\/www.ahsenglobal.com.tr\/en\/iletisim\/","title":{"rendered":"Contact"},"content":{"rendered":"<div data-elementor-type=\"wp-page\" data-elementor-id=\"29\" class=\"elementor elementor-29\">\n\t\t\t\t<div class=\"elementor-element elementor-element-8757d1b e-con-full e-flex e-con e-parent\" data-id=\"8757d1b\" data-element_type=\"container\">\n\t\t\t\t<div class=\"elementor-element elementor-element-c0e1b85 elementor-widget elementor-widget-Elementor-contact-info\" data-id=\"c0e1b85\" data-element_type=\"widget\" data-widget_type=\"Elementor-contact-info.default\">\n\t\t\t\t<div class=\"elementor-widget-container\">\n\t\t\t\t\t\r\n <!-- contact-area -->\r\n            <section id=\"contact\" class=\"contact-area after-none contact-bg pt-120 pb-120 p-relative fix\">\r\n                <div class=\"container\">\r\n             \r\n\t\t\t\t\t<div class=\"row justify-content-center align-items-center\">\r\n\t\t\t\t\t\t\r\n                         <div class=\"col-lg-5 order-1\">\r\n                             \r\n                            <div class=\"contact-info\">\r\n                                                                                                       <div class=\"single-cta pb-30 mb-30 wow fadeInUp animated\" data-animation=\"fadeInDown animated\" data-delay=\".2s\">\r\n                                        <div class=\"f-cta-icon\">\r\n                                           <i class=\"far fa-map\"><\/i>\r\n                                        <\/div>\r\n                                         <h5>Center Address<\/h5>\r\n                                             \u015eehirg\u00f6steren Mahallesi 68028 Nolu Sokak No: 23\/1 \u015eehitkamil \/ Gaziantep                                    <\/div>\r\n                                                                    <div class=\"single-cta pb-30 mb-30 wow fadeInUp animated\" data-animation=\"fadeInDown animated\" data-delay=\".2s\">\r\n                                        <div class=\"f-cta-icon\">\r\n                                           <i class=\"far fa-map\"><\/i>\r\n                                        <\/div>\r\n                                         <h5>Warehouse Address<\/h5>\r\n                                             Sanayi Mah. 60092 Nolu Cad. 6.Blok No:13\/150 G\u0131da Toptanc\u0131lar Sit. \u015eehitkamil \/ Gaziantep                                    <\/div>\r\n                                                                    <div class=\"single-cta pb-30 mb-30 wow fadeInUp animated\" data-animation=\"fadeInDown animated\" data-delay=\".2s\">\r\n                                        <div class=\"f-cta-icon\">\r\n                                           <i class=\"far fa-phone\"><\/i>\r\n                                        <\/div>\r\n                                         <h5>Phone<\/h5>\r\n                                             +90 552 483 27 47                                    <\/div>\r\n                                                                    <div class=\"single-cta pb-30 mb-30 wow fadeInUp animated\" data-animation=\"fadeInDown animated\" data-delay=\".2s\">\r\n                                        <div class=\"f-cta-icon\">\r\n                                           <i class=\"far fa-envelope-open\"><\/i>\r\n                                        <\/div>\r\n                                         <h5>Mail<\/h5>\r\n                                             <a href=\"mailto:info@ahsenglobal.com.tr\">info@ahsenglobal.com.tr<\/a>                                    <\/div>\r\n                                   \r\n                                    \r\n                                <\/div>\t\t\t\t\t\t\t\r\n                        <\/div>\r\n                        <div class=\"col-lg-7 order-2\">\r\n                            <div class=\"contact-bg02\">\r\n                                <div class=\"section-title center-align\">\r\n                                    <h2>\r\n                                        Contact                                    <\/h2>\r\n                                <\/div>                                \r\n                                <div class=\"contact-form mt-30\">\r\n                                    \n<div class=\"wpcf7 no-js\" id=\"wpcf7-f366-o1\" lang=\"en-US\" dir=\"ltr\" data-wpcf7-id=\"366\">\n<div class=\"screen-reader-response\"><p role=\"status\" aria-live=\"polite\" aria-atomic=\"true\"><\/p> <ul><\/ul><\/div>\n<form action=\"\/en\/wp-json\/wp\/v2\/pages\/29#wpcf7-f366-o1\" method=\"post\" class=\"wpcf7-form init\" aria-label=\"Contact form\" novalidate=\"novalidate\" data-status=\"init\" data-trp-original-action=\"\/en\/wp-json\/wp\/v2\/pages\/29#wpcf7-f366-o1\">\n<fieldset class=\"hidden-fields-container\"><input type=\"hidden\" name=\"_wpcf7\" value=\"366\" \/><input type=\"hidden\" name=\"_wpcf7_version\" value=\"6.1.4\" \/><input type=\"hidden\" name=\"_wpcf7_locale\" value=\"en_US\" \/><input type=\"hidden\" name=\"_wpcf7_unit_tag\" value=\"wpcf7-f366-o1\" \/><input type=\"hidden\" name=\"_wpcf7_container_post\" value=\"0\" \/><input type=\"hidden\" name=\"_wpcf7_posted_data_hash\" value=\"\" \/>\n<\/fieldset>\n<div class=\"contact-form mt-30\">\n\t<div class=\"row\">\n\t\t<div class=\"col-lg-12\">\n\t\t\t<div class=\"contact-field p-relative c-name mb-15\">\n\t\t\t\t<p><span class=\"wpcf7-form-control-wrap\" data-name=\"firstname\"><input size=\"40\" maxlength=\"400\" class=\"wpcf7-form-control wpcf7-text wpcf7-validates-as-required\" aria-required=\"true\" aria-invalid=\"false\" placeholder=\"FirstName LastName\" value=\"\" type=\"text\" name=\"firstname\" \/><\/span>\n\t\t\t\t<\/p>\n\t\t\t<\/div>\n\t\t<\/div>\n\t\t<div class=\"col-lg-6\">\n\t\t\t<div class=\"contact-field p-relative c-subject mb-15\">\n\t\t\t\t<p><span class=\"wpcf7-form-control-wrap\" data-name=\"email\"><input size=\"40\" maxlength=\"400\" class=\"wpcf7-form-control wpcf7-email wpcf7-validates-as-required wpcf7-text wpcf7-validates-as-email\" aria-required=\"true\" aria-invalid=\"false\" placeholder=\"E - Mail\" value=\"\" type=\"email\" name=\"email\" \/><\/span>\n\t\t\t\t<\/p>\n\t\t\t<\/div>\n\t\t<\/div>\n\t\t<div class=\"col-lg-6\">\n\t\t\t<div class=\"contact-field p-relative c-subject mb-15\">\n\t\t\t\t<p><span class=\"wpcf7-form-control-wrap\" data-name=\"phoneno\"><input size=\"40\" maxlength=\"400\" class=\"wpcf7-form-control wpcf7-text wpcf7-validates-as-required\" aria-required=\"true\" aria-invalid=\"false\" placeholder=\"Phone Number\" value=\"\" type=\"text\" name=\"phoneno\" \/><\/span>\n\t\t\t\t<\/p>\n\t\t\t<\/div>\n\t\t<\/div>\n\t\t<div class=\"col-lg-12\">\n\t\t\t<div class=\"contact-field p-relative c-message mb-30\">\n\t\t\t\t<p><span class=\"wpcf7-form-control-wrap\" data-name=\"message\"><textarea cols=\"40\" rows=\"10\" maxlength=\"2000\" class=\"wpcf7-form-control wpcf7-textarea\" aria-invalid=\"false\" placeholder=\"Write Briefly About The Subject\" name=\"message\"><\/textarea><\/span>\n\t\t\t\t<\/p>\n\t\t\t<\/div>\n\t\t\t<div class=\"slider-btn\">\n\t\t\t\t<p><button class=\"btn ss-btn active\" data-animation=\"fadeInRight\" data-delay=\".8s\">Send<\/button>\n\t\t\t\t<\/p>\n\t\t\t<\/div>\n\t\t<\/div>\n\t<\/div>\n<\/div><div class=\"wpcf7-response-output\" aria-hidden=\"true\"><\/div>\n<input type=\"hidden\" name=\"trp-form-language\" value=\"en\"\/><\/form>\n<\/div>\n                                 \r\n                                <\/div>                            \r\n                            <\/div>    \r\n                        \r\n\t\t\t\t\t\t<\/div>\r\n\t\t\t\t\t<\/div>\r\n                    \r\n                <\/div>\r\n               \r\n            <\/section>\r\n            <!-- contact-area-end -->\t\t\t\t<\/div>\n\t\t\t\t<\/div>\n\t\t\t\t<\/div>\n\t\t<div class=\"elementor-element elementor-element-d8ceff1 e-con-full e-flex e-con e-parent\" data-id=\"d8ceff1\" data-element_type=\"container\">\n\t\t\t\t<div class=\"elementor-element elementor-element-10a503d elementor-widget elementor-widget-google_maps\" data-id=\"10a503d\" data-element_type=\"widget\" data-widget_type=\"google_maps.default\">\n\t\t\t\t\t\t\t<div class=\"elementor-custom-embed\">\n\t\t\t<iframe loading=\"lazy\"\n\t\t\t\t\tsrc=\"https:\/\/maps.google.com\/maps?q=Turkey&#038;t=m&#038;z=10&#038;output=embed&#038;iwloc=near\"\n\t\t\t\t\ttitle=\"Turkey\"\n\t\t\t\t\taria-label=\"Turkey\"\n\t\t\t><\/iframe>\n\t\t<\/div>\n\t\t\t\t\t\t<\/div>\n\t\t\t\t<\/div>\n\t\t\t\t<\/div>","protected":false},"excerpt":{"rendered":"","protected":false},"author":1,"featured_media":0,"parent":0,"menu_order":0,"comment_status":"closed","ping_status":"closed","template":"inside.php","meta":{"footnotes":""},"class_list":["post-29","page","type-page","status-publish","hentry"],"_links":{"self":[{"href":"https:\/\/www.ahsenglobal.com.tr\/en\/wp-json\/wp\/v2\/pages\/29","targetHints":{"allow":["GET"]}}],"collection":[{"href":"https:\/\/www.ahsenglobal.com.tr\/en\/wp-json\/wp\/v2\/pages"}],"about":[{"href":"https:\/\/www.ahsenglobal.com.tr\/en\/wp-json\/wp\/v2\/types\/page"}],"author":[{"embeddable":true,"href":"https:\/\/www.ahsenglobal.com.tr\/en\/wp-json\/wp\/v2\/users\/1"}],"replies":[{"embeddable":true,"href":"https:\/\/www.ahsenglobal.com.tr\/en\/wp-json\/wp\/v2\/comments?post=29"}],"version-history":[{"count":16,"href":"https:\/\/www.ahsenglobal.com.tr\/en\/wp-json\/wp\/v2\/pages\/29\/revisions"}],"predecessor-version":[{"id":617,"href":"https:\/\/www.ahsenglobal.com.tr\/en\/wp-json\/wp\/v2\/pages\/29\/revisions\/617"}],"wp:attachment":[{"href":"https:\/\/www.ahsenglobal.com.tr\/en\/wp-json\/wp\/v2\/media?parent=29"}],"curies":[{"name":"wp","href":"https:\/\/api.w.org\/{rel}","templated":true}]}}